{"id":633,"date":"2020-03-25T17:32:11","date_gmt":"2020-03-25T16:32:11","guid":{"rendered":"https:\/\/curling.zone\/?page_id=633"},"modified":"2023-02-19T16:57:07","modified_gmt":"2023-02-19T15:57:07","slug":"imprint","status":"publish","type":"page","link":"https:\/\/curling.zone\/de\/imprint\/","title":{"rendered":"Imprint"},"content":{"rendered":"\n<p><strong>Impressum<\/strong><\/p>\n\n\n\n<p><strong>Gesetzliche Anbieterkennung:<br><br>Skeki GmbH<br>diese vertr. d. d. Gesch\u00e4ftsf\u00fchrer Nicolaus F\u00e4ustle<br>Fuggerstra\u00dfe 35<br>10777 Berlin<br>Deutschland<br>Telefon: 03025058224<br>E-Mail:&nbsp;info@curling.zone<br>USt-IdNr.: DE 815238004<\/strong><strong><\/strong><br><strong>eingetragen im Handelsregister des Amtsgerichtes Berlin Charlottenburg<br>Handelsregisternummer HRB 130570B<\/strong><\/p>\n\n\n\n<p><\/p>\n\n\n\n<p><\/p>\n\n\n\n<p><strong>Wir sind seit&nbsp;<\/strong><strong>13.03.2016&nbsp;<\/strong><strong>Mitglied der Initiative &#8222;FairCommerce&#8220;.<\/strong><br>N\u00e4here Informationen hierzu finden Sie unter www.fair-commerce.de.\n\n<\/p>\n","protected":false},"excerpt":{"rendered":"<p>Impressum Gesetzliche Anbieterkennung: Skeki GmbHdiese vertr. d. d. Gesch\u00e4ftsf\u00fchrer Nicolaus F\u00e4ustleFuggerstra\u00dfe 3510777 BerlinDeutschlandTelefon: 03025058224E-Mail:&nbsp;info@curling.zoneUSt-IdNr.: DE 815238004eingetragen im Handelsregister des Amtsgerichtes Berlin CharlottenburgHandelsregisternummer HRB 130570B Wir sind seit&nbsp;13.03.2016&nbsp;Mitglied der Initiative &#8222;FairCommerce&#8220;.N\u00e4here Informationen hierzu finden Sie unter www.fair-commerce.de.<\/p>\n","protected":false},"author":4,"featured_media":0,"parent":0,"menu_order":0,"comment_status":"closed","ping_status":"closed","template":"","meta":{"footnotes":""},"class_list":["post-633","page","type-page","status-publish"],"amp_enabled":true,"_links":{"self":[{"href":"https:\/\/curling.zone\/de\/wp-json\/wp\/v2\/pages\/633","targetHints":{"allow":["GET"]}}],"collection":[{"href":"https:\/\/curling.zone\/de\/wp-json\/wp\/v2\/pages"}],"about":[{"href":"https:\/\/curling.zone\/de\/wp-json\/wp\/v2\/types\/page"}],"author":[{"embeddable":true,"href":"https:\/\/curling.zone\/de\/wp-json\/wp\/v2\/users\/4"}],"replies":[{"embeddable":true,"href":"https:\/\/curling.zone\/de\/wp-json\/wp\/v2\/comments?post=633"}],"version-history":[{"count":1,"href":"https:\/\/curling.zone\/de\/wp-json\/wp\/v2\/pages\/633\/revisions"}],"predecessor-version":[{"id":281787,"href":"https:\/\/curling.zone\/de\/wp-json\/wp\/v2\/pages\/633\/revisions\/281787"}],"wp:attachment":[{"href":"https:\/\/curling.zone\/de\/wp-json\/wp\/v2\/media?parent=633"}],"curies":[{"name":"wp","href":"https:\/\/api.w.org\/{rel}","templated":true}]}}