{"id":281805,"date":"2023-02-20T11:48:20","date_gmt":"2023-02-20T10:48:20","guid":{"rendered":"https:\/\/curling.zone\/?page_id=281805"},"modified":"2023-02-20T15:40:23","modified_gmt":"2023-02-20T14:40:23","slug":"media-de-curling","status":"publish","type":"page","link":"https:\/\/curling.zone\/fr\/media-de-curling\/","title":{"rendered":"M\u00e9dia de Curling"},"content":{"rendered":"<div id=\"tdi_1\" class=\"tdc-zone\"><div class=\"tdc_zone tdi_2  wpb_row td-pb-row\"  >\n<style scoped>\n\/* custom css - generated by TagDiv Composer *\/\n\n\/* custom css - generated by TagDiv Composer *\/\n.tdi_2{\r\n                    min-height: 0;\r\n                }\n<\/style><div id=\"tdi_3\" class=\"tdc-row\"><div class=\"vc_row tdi_4  wpb_row td-pb-row\" >\n<style scoped>\n\/* custom css - generated by TagDiv Composer *\/\n\n\/* custom css - generated by TagDiv Composer *\/\n.tdi_4,\r\n                .tdi_4 .tdc-columns{\r\n                    min-height: 0;\r\n                }.tdi_4,\r\n\t\t\t\t.tdi_4 .tdc-columns{\r\n\t\t\t\t    display: block;\r\n\t\t\t\t}.tdi_4 .tdc-columns{\r\n\t\t\t\t    width: 100%;\r\n\t\t\t\t}.tdi_4:before,\r\n\t\t\t\t.tdi_4:after{\r\n\t\t\t\t    display: table;\r\n\t\t\t\t}\n<\/style><div class=\"vc_column tdi_6  wpb_column vc_column_container tdc-column td-pb-span8\">\n<style scoped>\n\/* custom css - generated by TagDiv Composer *\/\n\n\/* custom css - generated by TagDiv Composer *\/\n.tdi_6{\r\n                    vertical-align: baseline;\r\n                }.tdi_6 > .wpb_wrapper,\r\n\t\t\t\t.tdi_6 > .wpb_wrapper > .tdc-elements{\r\n\t\t\t\t    display: block;\r\n\t\t\t\t}.tdi_6 > .wpb_wrapper > .tdc-elements{\r\n\t\t\t\t    width: 100%;\r\n\t\t\t\t}.tdi_6 > .wpb_wrapper > .vc_row_inner{\r\n\t\t\t\t    width: auto;\r\n\t\t\t\t}.tdi_6 > .wpb_wrapper{\r\n\t\t\t\t    width: auto;\r\n\t\t\t\t    height: auto;\r\n\t\t\t\t}\n<\/style><div class=\"wpb_wrapper\" ><div class=\"wpb_wrapper td_block_wrap vc_raw_html tdi_8 \">\n<style scoped>\n\/* custom css - generated by TagDiv Composer *\/\n\n\/* inline tdc_css att - generated by TagDiv Composer *\/\n\n.tdi_8{\njustify-content:center !important;\ntext-align:center !important;\n}\n\n<\/style><div class=\"td-fix-index\"><h1>Nouvelles du monde du Curling en Fran\u00e7ais<\/h1>\n<h3>Le meilleur du web - lisez-le sur curling.zone<\/h3><\/div><\/div><\/div><\/div><div class=\"vc_column tdi_10  wpb_column vc_column_container tdc-column td-pb-span4\">\n<style scoped>\n\/* custom css - generated by TagDiv Composer *\/\n\n\/* custom css - generated by TagDiv Composer *\/\n.tdi_10{\r\n                    vertical-align: baseline;\r\n                }.tdi_10 > .wpb_wrapper,\r\n\t\t\t\t.tdi_10 > .wpb_wrapper > .tdc-elements{\r\n\t\t\t\t    display: block;\r\n\t\t\t\t}.tdi_10 > .wpb_wrapper > .tdc-elements{\r\n\t\t\t\t    width: 100%;\r\n\t\t\t\t}.tdi_10 > .wpb_wrapper > .vc_row_inner{\r\n\t\t\t\t    width: auto;\r\n\t\t\t\t}.tdi_10 > .wpb_wrapper{\r\n\t\t\t\t    width: auto;\r\n\t\t\t\t    height: auto;\r\n\t\t\t\t}\n<\/style><div class=\"wpb_wrapper\" ><\/div><\/div><\/div><\/div><div id=\"tdi_11\" class=\"tdc-row\"><div class=\"vc_row tdi_12  wpb_row td-pb-row\" >\n<style scoped>\n\/* custom css - generated by TagDiv Composer *\/\n\n\/* custom css - generated by TagDiv Composer *\/\n.tdi_12,\r\n                .tdi_12 .tdc-columns{\r\n                    min-height: 0;\r\n                }.tdi_12,\r\n\t\t\t\t.tdi_12 .tdc-columns{\r\n\t\t\t\t    display: block;\r\n\t\t\t\t}.tdi_12 .tdc-columns{\r\n\t\t\t\t    width: 100%;\r\n\t\t\t\t}.tdi_12:before,\r\n\t\t\t\t.tdi_12:after{\r\n\t\t\t\t    display: table;\r\n\t\t\t\t}\n<\/style><div class=\"vc_column tdi_14  wpb_column vc_column_container tdc-column td-pb-span4\">\n<style scoped>\n\/* custom css - generated by TagDiv Composer *\/\n\n\/* custom css - generated by TagDiv Composer *\/\n.tdi_14{\r\n                    vertical-align: baseline;\r\n                }.tdi_14 > .wpb_wrapper,\r\n\t\t\t\t.tdi_14 > .wpb_wrapper > .tdc-elements{\r\n\t\t\t\t    display: block;\r\n\t\t\t\t}.tdi_14 > .wpb_wrapper > .tdc-elements{\r\n\t\t\t\t    width: 100%;\r\n\t\t\t\t}.tdi_14 > .wpb_wrapper > .vc_row_inner{\r\n\t\t\t\t    width: auto;\r\n\t\t\t\t}.tdi_14 > .wpb_wrapper{\r\n\t\t\t\t    width: auto;\r\n\t\t\t\t    height: auto;\r\n\t\t\t\t}\n<\/style><div class=\"wpb_wrapper\" ><div class=\"td_block_wrap td_block_text_with_title tdi_15 tagdiv-type td-pb-border-top td_block_template_1\"  data-td-block-uid=\"tdi_15\" >\n<style>\n.td-theme-wrap .tdi_15 .td-pulldown-filter-link:hover,\r\n            .td-theme-wrap .tdi_15 .td-subcat-item a:hover,\r\n            .td-theme-wrap .tdi_15 .td-subcat-item .td-cur-simple-item {\r\n                color: #ededa6;\r\n            }\r\n\r\n            .td-theme-wrap .tdi_15 .block-title > *,\r\n            .td-theme-wrap .tdi_15 .td-subcat-dropdown:hover .td-subcat-more {\r\n                background-color: #ededa6;\r\n            }\r\n            .td-theme-wrap .td-footer-wrapper .tdi_15 .block-title > * {\r\n                padding: 6px 7px 5px;\r\n                line-height: 1;\r\n            }\r\n\r\n            .td-theme-wrap .tdi_15 .block-title {\r\n                border-color: #ededa6;\r\n            }\r\n\r\n            \r\n            .td-theme-wrap .tdi_15 .block-title > * {\r\n                color: #000000;\r\n            }\r\n            \r\n            \r\n            \r\n            .td-theme-wrap .tdi_15 .td_module_wrap:hover .entry-title a,\r\n            .td-theme-wrap .tdi_15 .td_quote_on_blocks,\r\n            .td-theme-wrap .tdi_15 .td-opacity-cat .td-post-category:hover,\r\n            .td-theme-wrap .tdi_15 .td-opacity-read .td-read-more a:hover,\r\n            .td-theme-wrap .tdi_15 .td-opacity-author .td-post-author-name a:hover,\r\n            .td-theme-wrap .tdi_15 .td-instagram-user a {\r\n                color: #ededa6;\r\n            }\r\n\r\n            .td-theme-wrap .tdi_15 .td-next-prev-wrap a:hover,\r\n            .td-theme-wrap .tdi_15 .td-load-more-wrap a:hover {\r\n                background-color: #ededa6;\r\n                border-color: #ededa6;\r\n            }\r\n\r\n            .td-theme-wrap .tdi_15 .td-read-more a,\r\n            .td-theme-wrap .tdi_15 .td-weather-information:before,\r\n            .td-theme-wrap .tdi_15 .td-weather-week:before,\r\n            .td-theme-wrap .tdi_15 .td-exchange-header:before,\r\n            .td-theme-wrap .td-footer-wrapper .tdi_15 .td-post-category,\r\n            .td-theme-wrap .tdi_15 .td-post-category:hover {\r\n                background-color: #ededa6;\r\n            }\n<\/style>\n<style>\n\/* custom css - generated by TagDiv Composer *\/\n.td_block_text_with_title{\r\n                  margin-bottom: 44px;\r\n                  -webkit-transform: translateZ(0);\r\n                  transform: translateZ(0);\r\n                }.td_block_text_with_title p:last-child{\r\n                  margin-bottom: 0;\r\n                }\n<\/style><div class=\"td-block-title-wrap\"><h4 class=\"block-title td-block-title\"><a href=\"http:\/\/curling-lyon-fr\" class=\"td-pulldown-size\">Curling Club Lyon<\/a><\/h4><\/div><div class=\"td_mod_wrap td-fix-index\"><div class=\"feedzy-c21783f032126719f51e6ba7cab8e4d4 feedzy-rss\"><ul><li  style=\"padding: 10px 0 17px\" class=\"rss_item\"><div class=\"rss_image\" style=\"height:100px;width:100px;\"><a href=\"https:\/\/lyon-curling.fr\/2026\/03\/double-touch-scandale-curling-cortina-2026\/\" target=\"_blank\" rel=\" noopener\" title=\"Le \u00ab\u00a0double-touch\u00a0\u00bb Canadien : scandale au curling durant les JO de Milan-Cortina 2026\" style=\"height:100px;width:100px;\"><img decoding=\"async\" src=\"https:\/\/lyon-curling.fr\/wp-content\/uploads\/2026\/03\/oskar_eriksson_2026-300x200.png\" title=\"Le \u00ab\u00a0double-touch\u00a0\u00bb Canadien : scandale au curling durant les JO de Milan-Cortina 2026\" style=\"height:100px;width:100px;\"><\/a><\/div><span class=\"title\"><a href=\"https:\/\/lyon-curling.fr\/2026\/03\/double-touch-scandale-curling-cortina-2026\/\" target=\"_blank\" rel=\" noopener\">Le \u00ab\u00a0double-touch\u00a0\u00bb Canadien : scandale au curling durant les JO de Milan-Cortina 2026<\/a><\/span><div class=\"rss_content\" style=\"\"><small>par <a href=\"\/\/lyon-curling.fr\" target=\"_blank\" title=\"lyon-curling.fr\">Thomas<\/a> le 10 mars 2026 \u00e0 13h00 <\/small><p>JO de Milan-Cortina 2026 : le scandale du curling qui a enflamm\u00e9 les pistes F\u00e9vrier 2026. Les Jeux olympiques d\u2019hiver battent leur plein en Italie. Sur les pistes de curling, une dispute \u00e9clate entre le \u2026 Le \u00ab\u00a0double-touch\u00a0\u00bb Canadien : scandale au curling durant les JO de Milan-Cortina 2026Lire plus<\/p><\/div><\/li><li  style=\"padding: 10px 0 17px\" class=\"rss_item\"><div class=\"rss_image\" style=\"height:100px;width:100px;\"><a href=\"https:\/\/lyon-curling.fr\/2026\/03\/rehabilitons-le-poste-de-lead-n1\/\" target=\"_blank\" rel=\" noopener\" title=\"R\u00e9habilitons le poste de Lead (n\u00b01)\" style=\"height:100px;width:100px;\"><img decoding=\"async\" src=\"https:\/\/twemoji.classicpress.net\/14\/72x72\/1f4dc.png\" title=\"R\u00e9habilitons le poste de Lead (n\u00b01)\" style=\"height:100px;width:100px;\"><\/a><\/div><span class=\"title\"><a href=\"https:\/\/lyon-curling.fr\/2026\/03\/rehabilitons-le-poste-de-lead-n1\/\" target=\"_blank\" rel=\" noopener\">R\u00e9habilitons le poste de Lead (n\u00b01)<\/a><\/span><div class=\"rss_content\" style=\"\"><small>par <a href=\"\/\/lyon-curling.fr\" target=\"_blank\" title=\"lyon-curling.fr\">Thomas<\/a> le 6 mars 2026 \u00e0 9h00 <\/small><p>\ud83d\udcdc Avant-propos Avant de commencer \u00e0 parler du Lead, pour les non-initi\u00e9s au curling, voici un petit rappel des r\u00e8gles. L\u2019\u00e9quipe se compose de quatre joueurs. Chacun de ces joueurs lance deux pierres d\u2019affil\u00e9e. Le \u2026 R\u00e9habilitons le poste de Lead (n\u00b01)Lire plus<\/p><\/div><\/li><li  style=\"padding: 10px 0 17px\" class=\"rss_item\"><div class=\"rss_image\" style=\"height:100px;width:100px;\"><a href=\"https:\/\/lyon-curling.fr\/2026\/02\/fin-des-jo-2026-mais-debut-des-paralympiques\/\" target=\"_blank\" rel=\" noopener\" title=\"La fin des JO 2026, mais le d\u00e9but des Jeux Paralympiques 2026 !\" style=\"height:100px;width:100px;\"><img decoding=\"async\" src=\"https:\/\/lyon-curling.fr\/wp-content\/uploads\/2026\/02\/suede_2026-1024x768.jpeg\" title=\"La fin des JO 2026, mais le d\u00e9but des Jeux Paralympiques 2026 !\" style=\"height:100px;width:100px;\"><\/a><\/div><span class=\"title\"><a href=\"https:\/\/lyon-curling.fr\/2026\/02\/fin-des-jo-2026-mais-debut-des-paralympiques\/\" target=\"_blank\" rel=\" noopener\">La fin des JO 2026, mais le d\u00e9but des Jeux Paralympiques 2026 !<\/a><\/span><div class=\"rss_content\" style=\"\"><small>par <a href=\"\/\/lyon-curling.fr\" target=\"_blank\" title=\"lyon-curling.fr\">Thomas<\/a> le 27 f\u00e9vrier 2026 \u00e0 16h00 <\/small><p>Les JO de Cortina 2026 s\u2019\u00e9teignent : le curling a brill\u00e9 sur la glace italienne Les Jeux Olympiques d\u2019hiver de Milan-Cortina 2026 viennent de se refermer apr\u00e8s deux semaines intenses au c\u0153ur des Dolomites. Pour \u2026 La fin des JO 2026, mais le d\u00e9but des Jeux Paralympiques 2026 !Lire plus<\/p><\/div><\/li><li  style=\"padding: 10px 0 17px\" class=\"rss_item\"><div class=\"rss_image\" style=\"height:100px;width:100px;\"><a href=\"https:\/\/lyon-curling.fr\/2026\/02\/championnat-lyon-en-quete-du-podium\/\" target=\"_blank\" rel=\" noopener\" title=\"Championnat de France 2026 : Lyon en qu\u00eate du podium\" style=\"height:100px;width:100px;\"><img decoding=\"async\" src=\"https:\/\/twemoji.classicpress.net\/14\/72x72\/1f3c6.png\" title=\"Championnat de France 2026 : Lyon en qu\u00eate du podium\" style=\"height:100px;width:100px;\"><\/a><\/div><span class=\"title\"><a href=\"https:\/\/lyon-curling.fr\/2026\/02\/championnat-lyon-en-quete-du-podium\/\" target=\"_blank\" rel=\" noopener\">Championnat de France 2026 : Lyon en qu\u00eate du podium<\/a><\/span><div class=\"rss_content\" style=\"\"><small>par <a href=\"\/\/lyon-curling.fr\" target=\"_blank\" title=\"lyon-curling.fr\">Thomas<\/a> le 4 f\u00e9vrier 2026 \u00e0 6h30 <\/small><p>Lyon r\u00eave du podium \ud83c\udfc6 Fid\u00e8le au rendez-vous, Lyon Curling aligne une nouvelle fois une \u00e9quipe masculine au d\u00e9part du Championnat de France de curling. Solides pensionnaires de la Ligue A, les Lyonnais ont su \u2026 Championnat de France 2026 : Lyon en qu\u00eate du podiumLire plus<\/p><\/div><\/li><\/ul> <\/div><style type=\"text\/css\" media=\"all\">.feedzy-rss .rss_item .rss_image{float:left;position:relative;border:none;text-decoration:none;max-width:100%}.feedzy-rss .rss_item .rss_image span{display:inline-block;position:absolute;width:100%;height:100%;background-position:50%;background-size:cover}.feedzy-rss .rss_item .rss_image{margin:.3em 1em 0 0;content-visibility:auto}.feedzy-rss ul{list-style:none}.feedzy-rss ul li{display:inline-block}<\/style>\n<\/div><\/div><\/div><\/div><div class=\"vc_column tdi_17  wpb_column vc_column_container tdc-column td-pb-span4\">\n<style scoped>\n\/* custom css - generated by TagDiv Composer *\/\n\n\/* custom css - generated by TagDiv Composer *\/\n.tdi_17{\r\n                    vertical-align: baseline;\r\n                }.tdi_17 > .wpb_wrapper,\r\n\t\t\t\t.tdi_17 > .wpb_wrapper > .tdc-elements{\r\n\t\t\t\t    display: block;\r\n\t\t\t\t}.tdi_17 > .wpb_wrapper > .tdc-elements{\r\n\t\t\t\t    width: 100%;\r\n\t\t\t\t}.tdi_17 > .wpb_wrapper > .vc_row_inner{\r\n\t\t\t\t    width: auto;\r\n\t\t\t\t}.tdi_17 > .wpb_wrapper{\r\n\t\t\t\t    width: auto;\r\n\t\t\t\t    height: auto;\r\n\t\t\t\t}\n<\/style><div class=\"wpb_wrapper\" ><\/div><\/div><div class=\"vc_column tdi_19  wpb_column vc_column_container tdc-column td-pb-span4\">\n<style scoped>\n\/* custom css - generated by TagDiv Composer *\/\n\n\/* custom css - generated by TagDiv Composer *\/\n.tdi_19{\r\n                    vertical-align: baseline;\r\n                }.tdi_19 > .wpb_wrapper,\r\n\t\t\t\t.tdi_19 > .wpb_wrapper > .tdc-elements{\r\n\t\t\t\t    display: block;\r\n\t\t\t\t}.tdi_19 > .wpb_wrapper > .tdc-elements{\r\n\t\t\t\t    width: 100%;\r\n\t\t\t\t}.tdi_19 > .wpb_wrapper > .vc_row_inner{\r\n\t\t\t\t    width: auto;\r\n\t\t\t\t}.tdi_19 > .wpb_wrapper{\r\n\t\t\t\t    width: auto;\r\n\t\t\t\t    height: auto;\r\n\t\t\t\t}\n<\/style><div class=\"wpb_wrapper\" ><\/div><\/div><\/div><\/div><\/div><\/div>","protected":false},"excerpt":{"rendered":"","protected":false},"author":4,"featured_media":0,"parent":0,"menu_order":0,"comment_status":"closed","ping_status":"closed","template":"","meta":{"footnotes":""},"class_list":["post-281805","page","type-page","status-publish"],"amp_enabled":true,"_links":{"self":[{"href":"https:\/\/curling.zone\/fr\/wp-json\/wp\/v2\/pages\/281805","targetHints":{"allow":["GET"]}}],"collection":[{"href":"https:\/\/curling.zone\/fr\/wp-json\/wp\/v2\/pages"}],"about":[{"href":"https:\/\/curling.zone\/fr\/wp-json\/wp\/v2\/types\/page"}],"author":[{"embeddable":true,"href":"https:\/\/curling.zone\/fr\/wp-json\/wp\/v2\/users\/4"}],"replies":[{"embeddable":true,"href":"https:\/\/curling.zone\/fr\/wp-json\/wp\/v2\/comments?post=281805"}],"version-history":[{"count":4,"href":"https:\/\/curling.zone\/fr\/wp-json\/wp\/v2\/pages\/281805\/revisions"}],"predecessor-version":[{"id":281837,"href":"https:\/\/curling.zone\/fr\/wp-json\/wp\/v2\/pages\/281805\/revisions\/281837"}],"wp:attachment":[{"href":"https:\/\/curling.zone\/fr\/wp-json\/wp\/v2\/media?parent=281805"}],"curies":[{"name":"wp","href":"https:\/\/api.w.org\/{rel}","templated":true}]}}