{"id":281808,"date":"2023-02-20T11:49:02","date_gmt":"2023-02-20T10:49:02","guid":{"rendered":"https:\/\/curling.zone\/?page_id=281808"},"modified":"2023-02-20T15:26:02","modified_gmt":"2023-02-20T14:26:02","slug":"media-di-curling","status":"publish","type":"page","link":"https:\/\/curling.zone\/it\/media-di-curling\/","title":{"rendered":"Media di Curling"},"content":{"rendered":"<div id=\"tdi_1\" class=\"tdc-zone\"><div class=\"tdc_zone tdi_2  wpb_row td-pb-row\"  >\n<style scoped>\n\/* custom css - generated by TagDiv Composer *\/\n\n\/* custom css - generated by TagDiv Composer *\/\n.tdi_2{\r\n                    min-height: 0;\r\n                }\n<\/style><div id=\"tdi_3\" class=\"tdc-row\"><div class=\"vc_row tdi_4  wpb_row td-pb-row\" >\n<style scoped>\n\/* custom css - generated by TagDiv Composer *\/\n\n\/* custom css - generated by TagDiv Composer *\/\n.tdi_4,\r\n                .tdi_4 .tdc-columns{\r\n                    min-height: 0;\r\n                }.tdi_4,\r\n\t\t\t\t.tdi_4 .tdc-columns{\r\n\t\t\t\t    display: block;\r\n\t\t\t\t}.tdi_4 .tdc-columns{\r\n\t\t\t\t    width: 100%;\r\n\t\t\t\t}.tdi_4:before,\r\n\t\t\t\t.tdi_4:after{\r\n\t\t\t\t    display: table;\r\n\t\t\t\t}\n<\/style><div class=\"vc_column tdi_6  wpb_column vc_column_container tdc-column td-pb-span12\">\n<style scoped>\n\/* custom css - generated by TagDiv Composer *\/\n\n\/* custom css - generated by TagDiv Composer *\/\n.tdi_6{\r\n                    vertical-align: baseline;\r\n                }.tdi_6 > .wpb_wrapper,\r\n\t\t\t\t.tdi_6 > .wpb_wrapper > .tdc-elements{\r\n\t\t\t\t    display: block;\r\n\t\t\t\t}.tdi_6 > .wpb_wrapper > .tdc-elements{\r\n\t\t\t\t    width: 100%;\r\n\t\t\t\t}.tdi_6 > .wpb_wrapper > .vc_row_inner{\r\n\t\t\t\t    width: auto;\r\n\t\t\t\t}.tdi_6 > .wpb_wrapper{\r\n\t\t\t\t    width: auto;\r\n\t\t\t\t    height: auto;\r\n\t\t\t\t}\n<\/style><div class=\"wpb_wrapper\" ><div class=\"wpb_wrapper wpb_text_column td_block_wrap td_block_wrap vc_column_text tdi_7  tagdiv-type td-pb-border-top td_block_template_1\"  data-td-block-uid=\"tdi_7\" >\n<style>\n\/* custom css - generated by TagDiv Composer *\/\n.vc_column_text > .td-element-style{\r\n\t\t\t\t\tz-index: -1;\r\n\t\t\t\t}\n<\/style><div class=\"td-fix-index\"><h1 style=\"text-align: center;\">Notizie dal mondo del curling in italiano<\/h1>\n<\/h1>\n<h3 style=\"text-align: center;\">Il meglio del web &#8211; leggilo su curling.zone<\/h3>\n<\/div><\/div><\/div><\/div><\/div><\/div><div id=\"tdi_8\" class=\"tdc-row\"><div class=\"vc_row tdi_9  wpb_row td-pb-row\" >\n<style scoped>\n\/* custom css - generated by TagDiv Composer *\/\n\n\/* custom css - generated by TagDiv Composer *\/\n.tdi_9,\r\n                .tdi_9 .tdc-columns{\r\n                    min-height: 0;\r\n                }.tdi_9,\r\n\t\t\t\t.tdi_9 .tdc-columns{\r\n\t\t\t\t    display: block;\r\n\t\t\t\t}.tdi_9 .tdc-columns{\r\n\t\t\t\t    width: 100%;\r\n\t\t\t\t}.tdi_9:before,\r\n\t\t\t\t.tdi_9:after{\r\n\t\t\t\t    display: table;\r\n\t\t\t\t}\n<\/style><div class=\"vc_column tdi_11  wpb_column vc_column_container tdc-column td-pb-span4\">\n<style scoped>\n\/* custom css - generated by TagDiv Composer *\/\n\n\/* custom css - generated by TagDiv Composer *\/\n.tdi_11{\r\n                    vertical-align: baseline;\r\n                }.tdi_11 > .wpb_wrapper,\r\n\t\t\t\t.tdi_11 > .wpb_wrapper > .tdc-elements{\r\n\t\t\t\t    display: block;\r\n\t\t\t\t}.tdi_11 > .wpb_wrapper > .tdc-elements{\r\n\t\t\t\t    width: 100%;\r\n\t\t\t\t}.tdi_11 > .wpb_wrapper > .vc_row_inner{\r\n\t\t\t\t    width: auto;\r\n\t\t\t\t}.tdi_11 > .wpb_wrapper{\r\n\t\t\t\t    width: auto;\r\n\t\t\t\t    height: auto;\r\n\t\t\t\t}\n<\/style><div class=\"wpb_wrapper\" ><div class=\"td_block_wrap td_block_text_with_title tdi_12 tagdiv-type td-pb-border-top td_block_template_1\"  data-td-block-uid=\"tdi_12\" >\n<style>\n\/* custom css - generated by TagDiv Composer *\/\n.td_block_text_with_title{\r\n                  margin-bottom: 44px;\r\n                  -webkit-transform: translateZ(0);\r\n                  transform: translateZ(0);\r\n                }.td_block_text_with_title p:last-child{\r\n                  margin-bottom: 0;\r\n                }\n<\/style><div class=\"td-block-title-wrap\"><\/div><div class=\"td_mod_wrap td-fix-index\"><h6>\u00a0<\/h6>\n<p>\u00a0<\/p>\n<\/div><\/div><\/div><\/div><div class=\"vc_column tdi_14  wpb_column vc_column_container tdc-column td-pb-span4\">\n<style scoped>\n\/* custom css - generated by TagDiv Composer *\/\n\n\/* custom css - generated by TagDiv Composer *\/\n.tdi_14{\r\n                    vertical-align: baseline;\r\n                }.tdi_14 > .wpb_wrapper,\r\n\t\t\t\t.tdi_14 > .wpb_wrapper > .tdc-elements{\r\n\t\t\t\t    display: block;\r\n\t\t\t\t}.tdi_14 > .wpb_wrapper > .tdc-elements{\r\n\t\t\t\t    width: 100%;\r\n\t\t\t\t}.tdi_14 > .wpb_wrapper > .vc_row_inner{\r\n\t\t\t\t    width: auto;\r\n\t\t\t\t}.tdi_14 > .wpb_wrapper{\r\n\t\t\t\t    width: auto;\r\n\t\t\t\t    height: auto;\r\n\t\t\t\t}\n<\/style><div class=\"wpb_wrapper\" ><div class=\"td_block_wrap td_block_text_with_title tdi_15 tagdiv-type td-pb-border-top td_block_template_1\"  data-td-block-uid=\"tdi_15\" >\n<style>\n.td-theme-wrap .tdi_15 .td-pulldown-filter-link:hover,\r\n            .td-theme-wrap .tdi_15 .td-subcat-item a:hover,\r\n            .td-theme-wrap .tdi_15 .td-subcat-item .td-cur-simple-item {\r\n                color: #81d742;\r\n            }\r\n\r\n            .td-theme-wrap .tdi_15 .block-title > *,\r\n            .td-theme-wrap .tdi_15 .td-subcat-dropdown:hover .td-subcat-more {\r\n                background-color: #81d742;\r\n            }\r\n            .td-theme-wrap .td-footer-wrapper .tdi_15 .block-title > * {\r\n                padding: 6px 7px 5px;\r\n                line-height: 1;\r\n            }\r\n\r\n            .td-theme-wrap .tdi_15 .block-title {\r\n                border-color: #81d742;\r\n            }\r\n\r\n            \r\n            .td-theme-wrap .tdi_15 .td_module_wrap:hover .entry-title a,\r\n            .td-theme-wrap .tdi_15 .td_quote_on_blocks,\r\n            .td-theme-wrap .tdi_15 .td-opacity-cat .td-post-category:hover,\r\n            .td-theme-wrap .tdi_15 .td-opacity-read .td-read-more a:hover,\r\n            .td-theme-wrap .tdi_15 .td-opacity-author .td-post-author-name a:hover,\r\n            .td-theme-wrap .tdi_15 .td-instagram-user a {\r\n                color: #81d742;\r\n            }\r\n\r\n            .td-theme-wrap .tdi_15 .td-next-prev-wrap a:hover,\r\n            .td-theme-wrap .tdi_15 .td-load-more-wrap a:hover {\r\n                background-color: #81d742;\r\n                border-color: #81d742;\r\n            }\r\n\r\n            .td-theme-wrap .tdi_15 .td-read-more a,\r\n            .td-theme-wrap .tdi_15 .td-weather-information:before,\r\n            .td-theme-wrap .tdi_15 .td-weather-week:before,\r\n            .td-theme-wrap .tdi_15 .td-exchange-header:before,\r\n            .td-theme-wrap .td-footer-wrapper .tdi_15 .td-post-category,\r\n            .td-theme-wrap .tdi_15 .td-post-category:hover {\r\n                background-color: #81d742;\r\n            }\n<\/style><div class=\"td-block-title-wrap\"><h4 class=\"block-title td-block-title\"><a href=\"http:\/\/milano-curling-club\" class=\"td-pulldown-size\">Milano Curling Club<\/a><\/h4><\/div><div class=\"td_mod_wrap td-fix-index\"><h6><em>Il club e nato in 2020<\/em><\/h6>\n<div class=\"feedzy-f8f14be10affc17bdc6a2a6c73385f96 feedzy-rss\"><ul><li  style=\"padding: 10px 0 17px\" class=\"rss_item\"><div class=\"rss_image\" style=\"height:100px;width:100px;\"><a href=\"https:\/\/www.milanocurling.it\/milano-curling-campione-nazionale-spirit-of-curling-2024-25\/\" target=\"_blank\" rel=\" noopener\" title=\"Milano Curling campione nazionale Spirit of Curling 2024-25\" style=\"height:100px;width:100px;\"><img decoding=\"async\" src=\"https:\/\/curling.zone\/wp-content\/plugins\/feedzy-rss-feeds\/img\/feedzy.svg\" title=\"Milano Curling campione nazionale Spirit of Curling 2024-25\" style=\"height:100px;width:100px;\"><\/a><\/div><span class=\"title\"><a href=\"https:\/\/www.milanocurling.it\/milano-curling-campione-nazionale-spirit-of-curling-2024-25\/\" target=\"_blank\" rel=\" noopener\">Milano Curling campione nazionale Spirit of Curling 2024-25<\/a><\/span><div class=\"rss_content\" style=\"\"><small>by <a href=\"\/\/www.milanocurling.it\" target=\"_blank\" title=\"www.milanocurling.it\">Antonio Bozzi<\/a> on 31 Marzo 2025 at 14:57 <\/small><p>Entusiasmante epilogo per Milano Curling nel campionato nazionale Spirit of Curling che nel weekend appena trascorso aveva in programma le finali nazionali a Pinerolo. La squadra di Milano Curling, guidata dallo skip Alessandro Baldissera con Filippo Arrigoni lead, Martina Erba second (in sostituzione di Vasco Bergamaschi, titolare durante il girone di qualificazione) e Alessandro Carughi<\/p><\/div><\/li><li  style=\"padding: 10px 0 17px\" class=\"rss_item\"><div class=\"rss_image\" style=\"height:100px;width:100px;\"><a href=\"https:\/\/www.milanocurling.it\/1-turno-campionato-serie-a-femminile-2022-23\/\" target=\"_blank\" rel=\" noopener\" title=\"1\u00b0 turno Campionato Serie A Femminile 2022-23\" style=\"height:100px;width:100px;\"><img decoding=\"async\" src=\"https:\/\/curling.zone\/wp-content\/plugins\/feedzy-rss-feeds\/img\/feedzy.svg\" title=\"1\u00b0 turno Campionato Serie A Femminile 2022-23\" style=\"height:100px;width:100px;\"><\/a><\/div><span class=\"title\"><a href=\"https:\/\/www.milanocurling.it\/1-turno-campionato-serie-a-femminile-2022-23\/\" target=\"_blank\" rel=\" noopener\">1\u00b0 turno Campionato Serie A Femminile 2022-23<\/a><\/span><div class=\"rss_content\" style=\"\"><small>by <a href=\"\/\/www.milanocurling.it\" target=\"_blank\" title=\"www.milanocurling.it\">Antonio Bozzi<\/a> on 15 Novembre 2022 at 11:09 <\/small><p>Nel weekend appena trascorso, la squadra femminile di Milano Curling ha debuttato a Pinerolo nel campionato di Serie A femminile. Dopo tre stagioni di militanza in serie B, le nostre splendide ragazze, Martina, Iaia, Alice e Coco\u2019, hanno fatto il salto di qualit\u00e0, approdando al massimo campionato con le migliori squadre del panorama italiano! Cresciute<\/p><\/div><\/li><li  style=\"padding: 10px 0 17px\" class=\"rss_item\"><div class=\"rss_image\" style=\"height:100px;width:100px;\"><a href=\"https:\/\/www.milanocurling.it\/siamo-pronti-per-una-nuova-stagione-di-curling\/\" target=\"_blank\" rel=\" noopener\" title=\"Siamo pronti per una nuova stagione di curling!\" style=\"height:100px;width:100px;\"><img decoding=\"async\" src=\"https:\/\/curling.zone\/wp-content\/plugins\/feedzy-rss-feeds\/img\/feedzy.svg\" title=\"Siamo pronti per una nuova stagione di curling!\" style=\"height:100px;width:100px;\"><\/a><\/div><span class=\"title\"><a href=\"https:\/\/www.milanocurling.it\/siamo-pronti-per-una-nuova-stagione-di-curling\/\" target=\"_blank\" rel=\" noopener\">Siamo pronti per una nuova stagione di curling!<\/a><\/span><div class=\"rss_content\" style=\"\"><small>by <a href=\"\/\/www.milanocurling.it\" target=\"_blank\" title=\"www.milanocurling.it\">Claudia Diletti<\/a> on 9 Settembre 2022 at 7:49 <\/small><p>Care amiche, cari amici, finalmente \u00e8 arrivato settembre e sta per finire l\u2019estate!\u00a0 Lo sappiamo che molti sono tristi per questo, ma noi no! Perch\u00e9? Perch\u00e9 finalmente il 5 settembre siamo tornati sul nostro amato ghiaccio! E quest\u2019anno siamo ancor pi\u00f9 contenti perch\u00e9, come sapete, abbiamo una nuova casa: il PalaAgor\u00e0! Sar\u00e0 un anno importante,<\/p><\/div><\/li><li  style=\"padding: 10px 0 17px\" class=\"rss_item\"><div class=\"rss_image\" style=\"height:100px;width:100px;\"><a href=\"https:\/\/www.milanocurling.it\/3-turno-campionato-mixed-2021-22\/\" target=\"_blank\" rel=\" noopener\" title=\"3\u00b0 turno Campionato Mixed 2021-22\" style=\"height:100px;width:100px;\"><img decoding=\"async\" src=\"https:\/\/curling.zone\/wp-content\/plugins\/feedzy-rss-feeds\/img\/feedzy.svg\" title=\"3\u00b0 turno Campionato Mixed 2021-22\" style=\"height:100px;width:100px;\"><\/a><\/div><span class=\"title\"><a href=\"https:\/\/www.milanocurling.it\/3-turno-campionato-mixed-2021-22\/\" target=\"_blank\" rel=\" noopener\">3\u00b0 turno Campionato Mixed 2021-22<\/a><\/span><div class=\"rss_content\" style=\"\"><small>by <a href=\"\/\/www.milanocurling.it\" target=\"_blank\" title=\"www.milanocurling.it\">Antonio Bozzi<\/a> on 21 Marzo 2022 at 14:52 <\/small><p>Ultimo turno di campionato per la squadra Mixed nel weekend appena trascorso. I nostri atleti si presentano all\u2019ultimo appuntamento della stagione in formazione rimaneggiata a causa delle assenze di Antonio e Coc\u00f2 (poi recuperata per l\u2019ultima partita della domenica), ma non sembrano risentirne. Alessandro fa il suo esordio assoluto in una partita di campionato, dopo<\/p><\/div><\/li><\/ul> <\/div><style type=\"text\/css\" media=\"all\">.feedzy-rss .rss_item .rss_image{float:left;position:relative;border:none;text-decoration:none;max-width:100%}.feedzy-rss .rss_item .rss_image span{display:inline-block;position:absolute;width:100%;height:100%;background-position:50%;background-size:cover}.feedzy-rss .rss_item .rss_image{margin:.3em 1em 0 0;content-visibility:auto}.feedzy-rss ul{list-style:none}.feedzy-rss ul li{display:inline-block}<\/style>\n<\/div><\/div><\/div><\/div><div class=\"vc_column tdi_17  wpb_column vc_column_container tdc-column td-pb-span4\">\n<style scoped>\n\/* custom css - generated by TagDiv Composer *\/\n\n\/* custom css - generated by TagDiv Composer *\/\n.tdi_17{\r\n                    vertical-align: baseline;\r\n                }.tdi_17 > .wpb_wrapper,\r\n\t\t\t\t.tdi_17 > .wpb_wrapper > .tdc-elements{\r\n\t\t\t\t    display: block;\r\n\t\t\t\t}.tdi_17 > .wpb_wrapper > .tdc-elements{\r\n\t\t\t\t    width: 100%;\r\n\t\t\t\t}.tdi_17 > .wpb_wrapper > .vc_row_inner{\r\n\t\t\t\t    width: auto;\r\n\t\t\t\t}.tdi_17 > .wpb_wrapper{\r\n\t\t\t\t    width: auto;\r\n\t\t\t\t    height: auto;\r\n\t\t\t\t}\n<\/style><div class=\"wpb_wrapper\" ><div class=\"td_block_wrap td_block_text_with_title tdi_18 tagdiv-type td-pb-border-top td_block_template_1\"  data-td-block-uid=\"tdi_18\" >\n<style>\n.td-theme-wrap .tdi_18 .td-pulldown-filter-link:hover,\r\n            .td-theme-wrap .tdi_18 .td-subcat-item a:hover,\r\n            .td-theme-wrap .tdi_18 .td-subcat-item .td-cur-simple-item {\r\n                color: #1e73be;\r\n            }\r\n\r\n            .td-theme-wrap .tdi_18 .block-title > *,\r\n            .td-theme-wrap .tdi_18 .td-subcat-dropdown:hover .td-subcat-more {\r\n                background-color: #1e73be;\r\n            }\r\n            .td-theme-wrap .td-footer-wrapper .tdi_18 .block-title > * {\r\n                padding: 6px 7px 5px;\r\n                line-height: 1;\r\n            }\r\n\r\n            .td-theme-wrap .tdi_18 .block-title {\r\n                border-color: #1e73be;\r\n            }\r\n\r\n            \r\n            .td-theme-wrap .tdi_18 .td_module_wrap:hover .entry-title a,\r\n            .td-theme-wrap .tdi_18 .td_quote_on_blocks,\r\n            .td-theme-wrap .tdi_18 .td-opacity-cat .td-post-category:hover,\r\n            .td-theme-wrap .tdi_18 .td-opacity-read .td-read-more a:hover,\r\n            .td-theme-wrap .tdi_18 .td-opacity-author .td-post-author-name a:hover,\r\n            .td-theme-wrap .tdi_18 .td-instagram-user a {\r\n                color: #1e73be;\r\n            }\r\n\r\n            .td-theme-wrap .tdi_18 .td-next-prev-wrap a:hover,\r\n            .td-theme-wrap .tdi_18 .td-load-more-wrap a:hover {\r\n                background-color: #1e73be;\r\n                border-color: #1e73be;\r\n            }\r\n\r\n            .td-theme-wrap .tdi_18 .td-read-more a,\r\n            .td-theme-wrap .tdi_18 .td-weather-information:before,\r\n            .td-theme-wrap .tdi_18 .td-weather-week:before,\r\n            .td-theme-wrap .tdi_18 .td-exchange-header:before,\r\n            .td-theme-wrap .td-footer-wrapper .tdi_18 .td-post-category,\r\n            .td-theme-wrap .tdi_18 .td-post-category:hover {\r\n                background-color: #1e73be;\r\n            }\n<\/style><div class=\"td-block-title-wrap\"><h4 class=\"block-title td-block-title\"><a href=\"http:\/\/curling-club-dolomiti\" class=\"td-pulldown-size\">Curling Club Dolomiti<\/a><\/h4><\/div><div class=\"td_mod_wrap td-fix-index\"><div class=\"feedzy-9393faa119028ada099a69942c42a817 feedzy-rss\"><ul><li  style=\"padding: 10px 0 17px\" class=\"rss_item\"><div class=\"rss_image\" style=\"height:100px;width:100px;\"><a href=\"https:\/\/curling.it\/latest-news\/dolomiti-skirates-ragazzi-bronzo-tricolore-alle-finali-di-bormio\/\" target=\"_blank\" rel=\" noopener\" title=\"DOLOMITI SKIRATES RAGAZZI, BRONZO TRICOLORE ALLE FINALI DI BORMIO\" style=\"height:100px;width:100px;\"><img decoding=\"async\" src=\"https:\/\/curling.zone\/wp-content\/plugins\/feedzy-rss-feeds\/img\/feedzy.svg\" title=\"DOLOMITI SKIRATES RAGAZZI, BRONZO TRICOLORE ALLE FINALI DI BORMIO\" style=\"height:100px;width:100px;\"><\/a><\/div><span class=\"title\"><a href=\"https:\/\/curling.it\/latest-news\/dolomiti-skirates-ragazzi-bronzo-tricolore-alle-finali-di-bormio\/\" target=\"_blank\" rel=\" noopener\">DOLOMITI SKIRATES RAGAZZI, BRONZO TRICOLORE ALLE FINALI DI BORMIO<\/a><\/span><div class=\"rss_content\" style=\"\"><small>by <a href=\"\/\/curling.it\" target=\"_blank\" title=\"curling.it\">luca<\/a> on 13 Aprile 2026 at 16:55 <\/small><p>Il Curling Club Dolomiti non smette di portare a casa medaglie e festeggia anche un terzo posto nel campionato italiano<\/p><\/div><\/li><li  style=\"padding: 10px 0 17px\" class=\"rss_item\"><div class=\"rss_image\" style=\"height:100px;width:100px;\"><a href=\"https:\/\/curling.it\/latest-news\/italiani-di-doppio-misto-bronzo-a-francesco-de-zanna-e-giada-zambelli\/\" target=\"_blank\" rel=\" noopener\" title=\"ITALIANI DI DOPPIO MISTO, BRONZO A FRANCESCO DE ZANNA E GIADA ZAMBELLI\" style=\"height:100px;width:100px;\"><img decoding=\"async\" src=\"https:\/\/curling.zone\/wp-content\/plugins\/feedzy-rss-feeds\/img\/feedzy.svg\" title=\"ITALIANI DI DOPPIO MISTO, BRONZO A FRANCESCO DE ZANNA E GIADA ZAMBELLI\" style=\"height:100px;width:100px;\"><\/a><\/div><span class=\"title\"><a href=\"https:\/\/curling.it\/latest-news\/italiani-di-doppio-misto-bronzo-a-francesco-de-zanna-e-giada-zambelli\/\" target=\"_blank\" rel=\" noopener\">ITALIANI DI DOPPIO MISTO, BRONZO A FRANCESCO DE ZANNA E GIADA ZAMBELLI<\/a><\/span><div class=\"rss_content\" style=\"\"><small>by <a href=\"\/\/curling.it\" target=\"_blank\" title=\"curling.it\">luca<\/a> on 12 Aprile 2026 at 17:36 <\/small><p>Si tinge di bronzo l\u2019avventura di Francesco De Zanna e Giada Zambelli nei campionati italiani di doppio misto, vinti da<\/p><\/div><\/li><li  style=\"padding: 10px 0 17px\" class=\"rss_item\"><div class=\"rss_image\" style=\"height:100px;width:100px;\"><a href=\"https:\/\/curling.it\/latest-news\/curling-club-dolomiti-argento-con-il-team-mariani-nella-serie-a-femminile\/\" target=\"_blank\" rel=\" noopener\" title=\"CURLING CLUB DOLOMITI ARGENTO CON IL TEAM MARIANI NELLA SERIE A FEMMINILE\" style=\"height:100px;width:100px;\"><img decoding=\"async\" src=\"https:\/\/curling.it\/wp-content\/uploads\/2026\/04\/IMG-20260404-WA0021-e1775757246672-840x605.jpg\" title=\"CURLING CLUB DOLOMITI ARGENTO CON IL TEAM MARIANI NELLA SERIE A FEMMINILE\" style=\"height:100px;width:100px;\"><\/a><\/div><span class=\"title\"><a href=\"https:\/\/curling.it\/latest-news\/curling-club-dolomiti-argento-con-il-team-mariani-nella-serie-a-femminile\/\" target=\"_blank\" rel=\" noopener\">CURLING CLUB DOLOMITI ARGENTO CON IL TEAM MARIANI NELLA SERIE A FEMMINILE<\/a><\/span><div class=\"rss_content\" style=\"\"><small>by <a href=\"\/\/curling.it\" target=\"_blank\" title=\"curling.it\">luca<\/a> on 9 Aprile 2026 at 17:54 <\/small><p>Altro argento tricolore per il nostro sodalizio! Questa volta a vincerlo sono Rebecca Mariani e compagne, che hanno vestito i<\/p><\/div><\/li><li  style=\"padding: 10px 0 17px\" class=\"rss_item\"><div class=\"rss_image\" style=\"height:100px;width:100px;\"><a href=\"https:\/\/curling.it\/latest-news\/giovani-marmotte-dargento-agli-italiani-esordienti\/\" target=\"_blank\" rel=\" noopener\" title=\"GIOVANI MARMOTTE D\u2019ARGENTO AGLI ITALIANI ESORDIENTI\" style=\"height:100px;width:100px;\"><img decoding=\"async\" src=\"https:\/\/curling.zone\/wp-content\/plugins\/feedzy-rss-feeds\/img\/feedzy.svg\" title=\"GIOVANI MARMOTTE D\u2019ARGENTO AGLI ITALIANI ESORDIENTI\" style=\"height:100px;width:100px;\"><\/a><\/div><span class=\"title\"><a href=\"https:\/\/curling.it\/latest-news\/giovani-marmotte-dargento-agli-italiani-esordienti\/\" target=\"_blank\" rel=\" noopener\">GIOVANI MARMOTTE D\u2019ARGENTO AGLI ITALIANI ESORDIENTI<\/a><\/span><div class=\"rss_content\" style=\"\"><small>by <a href=\"\/\/curling.it\" target=\"_blank\" title=\"curling.it\">luca<\/a> on 4 Aprile 2026 at 9:37 <\/small><p>Le Giovani Marmotte di coach Michele Gusella sono d\u2019argento ai campionati italiani Esordienti. Grande risultato per i nostri ragazzi che,<\/p><\/div><\/li><\/ul> <\/div><style type=\"text\/css\" media=\"all\">.feedzy-rss .rss_item .rss_image{float:left;position:relative;border:none;text-decoration:none;max-width:100%}.feedzy-rss .rss_item .rss_image span{display:inline-block;position:absolute;width:100%;height:100%;background-position:50%;background-size:cover}.feedzy-rss .rss_item .rss_image{margin:.3em 1em 0 0;content-visibility:auto}.feedzy-rss ul{list-style:none}.feedzy-rss ul li{display:inline-block}<\/style>\n<\/div><\/div><\/div><\/div><\/div><\/div><div id=\"tdi_19\" class=\"tdc-row\"><div class=\"vc_row tdi_20  wpb_row td-pb-row\" >\n<style scoped>\n\/* custom css - generated by TagDiv Composer *\/\n\n\/* custom css - generated by TagDiv Composer *\/\n.tdi_20,\r\n                .tdi_20 .tdc-columns{\r\n                    min-height: 0;\r\n                }.tdi_20,\r\n\t\t\t\t.tdi_20 .tdc-columns{\r\n\t\t\t\t    display: block;\r\n\t\t\t\t}.tdi_20 .tdc-columns{\r\n\t\t\t\t    width: 100%;\r\n\t\t\t\t}.tdi_20:before,\r\n\t\t\t\t.tdi_20:after{\r\n\t\t\t\t    display: table;\r\n\t\t\t\t}\n<\/style><\/div><\/div><div id=\"tdi_21\" class=\"tdc-row\"><div class=\"vc_row tdi_22  wpb_row td-pb-row\" >\n<style scoped>\n\/* custom css - generated by TagDiv Composer *\/\n\n\/* custom css - generated by TagDiv Composer *\/\n.tdi_22,\r\n                .tdi_22 .tdc-columns{\r\n                    min-height: 0;\r\n                }.tdi_22,\r\n\t\t\t\t.tdi_22 .tdc-columns{\r\n\t\t\t\t    display: block;\r\n\t\t\t\t}.tdi_22 .tdc-columns{\r\n\t\t\t\t    width: 100%;\r\n\t\t\t\t}.tdi_22:before,\r\n\t\t\t\t.tdi_22:after{\r\n\t\t\t\t    display: table;\r\n\t\t\t\t}\n<\/style><\/div><\/div><\/div><\/div>","protected":false},"excerpt":{"rendered":"","protected":false},"author":4,"featured_media":0,"parent":0,"menu_order":0,"comment_status":"closed","ping_status":"closed","template":"","meta":{"footnotes":""},"class_list":["post-281808","page","type-page","status-publish"],"amp_enabled":true,"_links":{"self":[{"href":"https:\/\/curling.zone\/it\/wp-json\/wp\/v2\/pages\/281808","targetHints":{"allow":["GET"]}}],"collection":[{"href":"https:\/\/curling.zone\/it\/wp-json\/wp\/v2\/pages"}],"about":[{"href":"https:\/\/curling.zone\/it\/wp-json\/wp\/v2\/types\/page"}],"author":[{"embeddable":true,"href":"https:\/\/curling.zone\/it\/wp-json\/wp\/v2\/users\/4"}],"replies":[{"embeddable":true,"href":"https:\/\/curling.zone\/it\/wp-json\/wp\/v2\/comments?post=281808"}],"version-history":[{"count":5,"href":"https:\/\/curling.zone\/it\/wp-json\/wp\/v2\/pages\/281808\/revisions"}],"predecessor-version":[{"id":281835,"href":"https:\/\/curling.zone\/it\/wp-json\/wp\/v2\/pages\/281808\/revisions\/281835"}],"wp:attachment":[{"href":"https:\/\/curling.zone\/it\/wp-json\/wp\/v2\/media?parent=281808"}],"curies":[{"name":"wp","href":"https:\/\/api.w.org\/{rel}","templated":true}]}}