{"id":1069,"date":"2020-08-04T11:27:20","date_gmt":"2020-08-04T10:27:20","guid":{"rendered":"https:\/\/curling.zone\/curling-zone-web-stories\/"},"modified":"2020-08-04T11:27:22","modified_gmt":"2020-08-04T10:27:22","slug":"curling-zone-web-stories","status":"publish","type":"page","link":"https:\/\/curling.zone\/sv\/curling-zone-web-stories\/","title":{"rendered":"curling.zone Web Stories"},"content":{"rendered":"<p><em>&#8221;Web Stories&#8221; \u00e4r ett nytt mobilfokuserat format fr\u00e5n Google f\u00f6r att leverera nyheter och information. F\u00f6r mer information klicka <a href=\"https:\/\/amp.dev\/about\/stories\/\" target=\"_blank\" rel=\"noopener noreferrer\">h\u00e4r .<\/a><br \/><\/em><strong>Klicka bara p\u00e5 bilden f\u00f6r att se en ber\u00e4ttelse.<\/strong><\/p>\n\t\t<div class=\"wp-block-web-stories-embed web-stories-embed aligncenter\">\n\t\t\t<div class=\"wp-block-embed__wrapper\" style=\"--aspect-ratio: 0.600000; --width: 360px; --height: 600px\">\n\t\t\t\t<amp-story-player>\n\t\t\t\t\t<a href=\"https:\/\/curling.zone\/en\/stories\/curling-zone-short-story-corona-curling-canada-guidelines-for-season-2010-21\/\">\n\t\t\t\t\t\t\t\t\t\t\t\t\t<img\n\t\t\t\t\t\t\t\tsrc=\"https:\/\/curling.zone\/wp-content\/uploads\/2020\/07\/distancing-illustrations-for-curling-while-corona-pandemic-269x300.jpg\"\n\t\t\t\t\t\t\t\twidth=\"360\"\n\t\t\t\t\t\t\t\theight=\"600\"\n\t\t\t\t\t\t\t\talt=\"curling.zone short story: Corona - Curling Canada Guidelines for Season 2010-21\"\n\t\t\t\t\t\t\t\t\t\t\t\t\t\t\t\t\t\t\t\t\t\t\t\tloading=\"lazy\"\n\t\t\t\t\t\t\t\tdecoding=\"async\"\n\t\t\t\t\t\t\t\tdata-amp-story-player-poster-img\n\t\t\t\t\t\t\t\/>\n\t\t\t\t\t\t\t\t\t\t\t\t<\/a>\n\t\t\t\t<\/amp-story-player>\n\t\t\t<\/div>\n\t\t<\/div>\n\t\t\n<hr class=\"wp-block-separator\"\/>\n\n<p><\/p>\n","protected":false},"excerpt":{"rendered":"<p>&#8221;Web Stories&#8221; \u00e4r ett nytt mobilfokuserat format fr\u00e5n Google f\u00f6r att leverera nyheter och information. F\u00f6r mer information klicka h\u00e4r .Klicka bara p\u00e5 bilden f\u00f6r att se en ber\u00e4ttelse.<\/p>\n","protected":false},"author":2,"featured_media":0,"parent":0,"menu_order":0,"comment_status":"closed","ping_status":"closed","template":"","meta":{"footnotes":""},"class_list":["post-1069","page","type-page","status-publish"],"amp_enabled":true,"_links":{"self":[{"href":"https:\/\/curling.zone\/sv\/wp-json\/wp\/v2\/pages\/1069","targetHints":{"allow":["GET"]}}],"collection":[{"href":"https:\/\/curling.zone\/sv\/wp-json\/wp\/v2\/pages"}],"about":[{"href":"https:\/\/curling.zone\/sv\/wp-json\/wp\/v2\/types\/page"}],"author":[{"embeddable":true,"href":"https:\/\/curling.zone\/sv\/wp-json\/wp\/v2\/users\/2"}],"replies":[{"embeddable":true,"href":"https:\/\/curling.zone\/sv\/wp-json\/wp\/v2\/comments?post=1069"}],"version-history":[{"count":0,"href":"https:\/\/curling.zone\/sv\/wp-json\/wp\/v2\/pages\/1069\/revisions"}],"wp:attachment":[{"href":"https:\/\/curling.zone\/sv\/wp-json\/wp\/v2\/media?parent=1069"}],"curies":[{"name":"wp","href":"https:\/\/api.w.org\/{rel}","templated":true}]}}