{"id":281810,"date":"2023-02-20T11:49:29","date_gmt":"2023-02-20T10:49:29","guid":{"rendered":"https:\/\/curling.zone\/?page_id=281810"},"modified":"2023-02-20T14:51:51","modified_gmt":"2023-02-20T13:51:51","slug":"curling-media","status":"publish","type":"page","link":"https:\/\/curling.zone\/sv\/curling-media\/","title":{"rendered":"Curling Media"},"content":{"rendered":"<div id=\"tdi_1\" class=\"tdc-zone\"><div class=\"tdc_zone tdi_2  wpb_row td-pb-row\"  >\n<style scoped>\n\/* custom css - generated by TagDiv Composer *\/\n\n\/* custom css - generated by TagDiv Composer *\/\n.tdi_2{\r\n                    min-height: 0;\r\n                }\n<\/style><div id=\"tdi_3\" class=\"tdc-row\"><div class=\"vc_row tdi_4  wpb_row td-pb-row\" >\n<style scoped>\n\/* custom css - generated by TagDiv Composer *\/\n\n\/* custom css - generated by TagDiv Composer *\/\n.tdi_4,\r\n                .tdi_4 .tdc-columns{\r\n                    min-height: 0;\r\n                }.tdi_4,\r\n\t\t\t\t.tdi_4 .tdc-columns{\r\n\t\t\t\t    display: block;\r\n\t\t\t\t}.tdi_4 .tdc-columns{\r\n\t\t\t\t    width: 100%;\r\n\t\t\t\t}.tdi_4:before,\r\n\t\t\t\t.tdi_4:after{\r\n\t\t\t\t    display: table;\r\n\t\t\t\t}\n<\/style><div class=\"vc_column tdi_6  wpb_column vc_column_container tdc-column td-pb-span12\">\n<style scoped>\n\/* custom css - generated by TagDiv Composer *\/\n\n\/* custom css - generated by TagDiv Composer *\/\n.tdi_6{\r\n                    vertical-align: baseline;\r\n                }.tdi_6 > .wpb_wrapper,\r\n\t\t\t\t.tdi_6 > .wpb_wrapper > .tdc-elements{\r\n\t\t\t\t    display: block;\r\n\t\t\t\t}.tdi_6 > .wpb_wrapper > .tdc-elements{\r\n\t\t\t\t    width: 100%;\r\n\t\t\t\t}.tdi_6 > .wpb_wrapper > .vc_row_inner{\r\n\t\t\t\t    width: auto;\r\n\t\t\t\t}.tdi_6 > .wpb_wrapper{\r\n\t\t\t\t    width: auto;\r\n\t\t\t\t    height: auto;\r\n\t\t\t\t}\n<\/style><div class=\"wpb_wrapper\" ><div class=\"wpb_wrapper wpb_text_column td_block_wrap td_block_wrap vc_column_text tdi_7  tagdiv-type td-pb-border-top td_block_template_1\"  data-td-block-uid=\"tdi_7\" >\n<style>\n\/* custom css - generated by TagDiv Composer *\/\n.vc_column_text > .td-element-style{\r\n\t\t\t\t\tz-index: -1;\r\n\t\t\t\t}\n<\/style><div class=\"td-fix-index\"><h1>Nyheter fr\u00e5n curlingv\u00e4rlden p\u00e5 svenska<\/h1>\n<h3>Det b\u00e4sta av v\u00e4gen &#8211; l\u00e4s det p\u00e5 curling.zone<\/h3>\n<\/div><\/div><\/div><\/div><\/div><\/div><div id=\"tdi_8\" class=\"tdc-row\"><div class=\"vc_row tdi_9  wpb_row td-pb-row\" >\n<style scoped>\n\/* custom css - generated by TagDiv Composer *\/\n\n\/* custom css - generated by TagDiv Composer *\/\n.tdi_9,\r\n                .tdi_9 .tdc-columns{\r\n                    min-height: 0;\r\n                }.tdi_9,\r\n\t\t\t\t.tdi_9 .tdc-columns{\r\n\t\t\t\t    display: block;\r\n\t\t\t\t}.tdi_9 .tdc-columns{\r\n\t\t\t\t    width: 100%;\r\n\t\t\t\t}.tdi_9:before,\r\n\t\t\t\t.tdi_9:after{\r\n\t\t\t\t    display: table;\r\n\t\t\t\t}\n<\/style><div class=\"vc_column tdi_11  wpb_column vc_column_container tdc-column td-pb-span4\">\n<style scoped>\n\/* custom css - generated by TagDiv Composer *\/\n\n\/* custom css - generated by TagDiv Composer *\/\n.tdi_11{\r\n                    vertical-align: baseline;\r\n                }.tdi_11 > .wpb_wrapper,\r\n\t\t\t\t.tdi_11 > .wpb_wrapper > .tdc-elements{\r\n\t\t\t\t    display: block;\r\n\t\t\t\t}.tdi_11 > .wpb_wrapper > .tdc-elements{\r\n\t\t\t\t    width: 100%;\r\n\t\t\t\t}.tdi_11 > .wpb_wrapper > .vc_row_inner{\r\n\t\t\t\t    width: auto;\r\n\t\t\t\t}.tdi_11 > .wpb_wrapper{\r\n\t\t\t\t    width: auto;\r\n\t\t\t\t    height: auto;\r\n\t\t\t\t}\n<\/style><div class=\"wpb_wrapper\" ><div class=\"wpb_wrapper wpb_text_column td_block_wrap td_block_wrap vc_column_text tdi_12  tagdiv-type td-pb-border-top td_block_template_1\"  data-td-block-uid=\"tdi_12\" ><div class=\"td-block-title-wrap\"><h4 class=\"block-title td-block-title\"><a href=\"http:\/\/carlscrona-curling-blog\" class=\"td-pulldown-size\">Carlscrona Curling<\/a><\/h4><\/div><div class=\"td-fix-index\"><div class=\"feedzy-6875be4c0c2607cc7270f8ec3af2a1bd feedzy-rss\"><ul>Feed has no items.<\/ul> <\/div>\n<\/div><\/div><\/div><\/div><div class=\"vc_column tdi_14  wpb_column vc_column_container tdc-column td-pb-span4\">\n<style scoped>\n\/* custom css - generated by TagDiv Composer *\/\n\n\/* custom css - generated by TagDiv Composer *\/\n.tdi_14{\r\n                    vertical-align: baseline;\r\n                }.tdi_14 > .wpb_wrapper,\r\n\t\t\t\t.tdi_14 > .wpb_wrapper > .tdc-elements{\r\n\t\t\t\t    display: block;\r\n\t\t\t\t}.tdi_14 > .wpb_wrapper > .tdc-elements{\r\n\t\t\t\t    width: 100%;\r\n\t\t\t\t}.tdi_14 > .wpb_wrapper > .vc_row_inner{\r\n\t\t\t\t    width: auto;\r\n\t\t\t\t}.tdi_14 > .wpb_wrapper{\r\n\t\t\t\t    width: auto;\r\n\t\t\t\t    height: auto;\r\n\t\t\t\t}\n<\/style><div class=\"wpb_wrapper\" ><div class=\"wpb_wrapper wpb_text_column td_block_wrap td_block_wrap vc_column_text tdi_15  tagdiv-type td-pb-border-top td_block_template_1\"  data-td-block-uid=\"tdi_15\" ><div class=\"td-block-title-wrap\"><h4 class=\"block-title td-block-title\"><a href=\"http:\/\/my\u00f6lby-curling-blog\" class=\"td-pulldown-size\">Mj\u00f6lby Curling<\/a><\/h4><\/div><div class=\"td-fix-index\"><div class=\"feedzy-428c7e418ea2b688a4e337085a3d50ee feedzy-rss\"><ul><li  style=\"padding: 10px 0 17px\" class=\"rss_item\"><div class=\"rss_image\" style=\"height:100px;width:100px;\"><a href=\"https:\/\/www.mjolbycurling.se\/sm-silver-2\/\" target=\"_blank\" rel=\" noopener\" title=\"SM silver\" style=\"height:100px;width:100px;\"><img decoding=\"async\" src=\"http:\/\/www.mjolbycurling.se\/wp-content\/uploads\/2026\/03\/IMG_9726.jpg\" title=\"SM silver\" style=\"height:100px;width:100px;\"><\/a><\/div><span class=\"title\"><a href=\"https:\/\/www.mjolbycurling.se\/sm-silver-2\/\" target=\"_blank\" rel=\" noopener\">SM silver<\/a><\/span><div class=\"rss_content\" style=\"\"><small>av <a href=\"\/\/www.mjolbycurling.se\" target=\"_blank\" title=\"www.mjolbycurling.se\">admin<\/a> on 31 mars 2026 at 06:59 <\/small><p>I \u00e5r deltog curlingen i SM veckan i Ume\u00e5. I herrarnas final m\u00f6ttes Mj\u00f6lby Team V\u00e4derstad och Sollefte\u00e5 Lag Nyman. B\u00e5da lagen var obesegrade fram till finalen som blev mycket\u2026<\/p><\/div><\/li><li  style=\"padding: 10px 0 17px\" class=\"rss_item\"><div class=\"rss_image\" style=\"height:100px;width:100px;\"><a href=\"https:\/\/www.mjolbycurling.se\/bill-ross-trophy-2\/\" target=\"_blank\" rel=\" noopener\" title=\"Bill Ross Trophy\" style=\"height:100px;width:100px;\"><img decoding=\"async\" src=\"http:\/\/www.mjolbycurling.se\/wp-content\/uploads\/2026\/03\/IMG_3316-768x1024.jpeg\" title=\"Bill Ross Trophy\" style=\"height:100px;width:100px;\"><\/a><\/div><span class=\"title\"><a href=\"https:\/\/www.mjolbycurling.se\/bill-ross-trophy-2\/\" target=\"_blank\" rel=\" noopener\">Bill Ross Trophy<\/a><\/span><div class=\"rss_content\" style=\"\"><small>av <a href=\"\/\/www.mjolbycurling.se\" target=\"_blank\" title=\"www.mjolbycurling.se\">Lars<\/a> on 25 mars 2026 at 16:21 <\/small><p>Lea Garvin\u00a0 avslutades s\u00e4songen med den prestigefulla juniort\u00e4vlingen Bill Ross Trophy tillsammans med Karlstadlaget Team Lumi som hon t\u00e4vlat med den h\u00e4r s\u00e4songen. Efter en v\u00e4l genomf\u00f6rd turnering lyckades laget\u2026<\/p><\/div><\/li><li  style=\"padding: 10px 0 17px\" class=\"rss_item\"><div class=\"rss_image\" style=\"height:100px;width:100px;\"><a href=\"https:\/\/www.mjolbycurling.se\/sista-veckan\/\" target=\"_blank\" rel=\" noopener\" title=\"Sista veckan\" style=\"height:100px;width:100px;\"><img decoding=\"async\" src=\"https:\/\/curling.zone\/wp-content\/plugins\/feedzy-rss-feeds\/img\/feedzy.svg\" title=\"Sista veckan\" style=\"height:100px;width:100px;\"><\/a><\/div><span class=\"title\"><a href=\"https:\/\/www.mjolbycurling.se\/sista-veckan\/\" target=\"_blank\" rel=\" noopener\">Sista veckan<\/a><\/span><div class=\"rss_content\" style=\"\"><small>av <a href=\"\/\/www.mjolbycurling.se\" target=\"_blank\" title=\"www.mjolbycurling.se\">admin<\/a> on 22 mars 2026 at 12:42 <\/small><p>D\u00e5 b\u00f6rjar sista veckan med is denna s\u00e4song. S\u00f6ndag 29 mars \u00e4r sista dag med is s\u00e5 tag chansen och spela n\u00e5gra sista stenar f\u00f6r s\u00e4songen denna vecka.<\/p><\/div><\/li><li  style=\"padding: 10px 0 17px\" class=\"rss_item\"><div class=\"rss_image\" style=\"height:100px;width:100px;\"><a href=\"https:\/\/www.mjolbycurling.se\/sasongsavslutning-och-60-ars-jubileum\/\" target=\"_blank\" rel=\" noopener\" title=\"S\u00e4songsavslutning och 60 \u00e5rs jubileum\" style=\"height:100px;width:100px;\"><img decoding=\"async\" src=\"https:\/\/curling.zone\/wp-content\/plugins\/feedzy-rss-feeds\/img\/feedzy.svg\" title=\"S\u00e4songsavslutning och 60 \u00e5rs jubileum\" style=\"height:100px;width:100px;\"><\/a><\/div><span class=\"title\"><a href=\"https:\/\/www.mjolbycurling.se\/sasongsavslutning-och-60-ars-jubileum\/\" target=\"_blank\" rel=\" noopener\">S\u00e4songsavslutning och 60 \u00e5rs jubileum<\/a><\/span><div class=\"rss_content\" style=\"\"><small>av <a href=\"\/\/www.mjolbycurling.se\" target=\"_blank\" title=\"www.mjolbycurling.se\">admin<\/a> on 22 mars 2026 at 12:36 <\/small><p>V\u00e4lkomna p\u00e5 s\u00e4songsavslutning med Jubileumsfirande Mj\u00f6lby Curling 60 \u00e5r. Plats Mj\u00f6lby StadshotellTid L\u00f6rdag 11 april kl 18:00Meny Fil\u00e9 buff\u00e9 (dryck k\u00f6pes av var och en p\u00e5 plats)Kostnad medlem 250krKostnad medf\u00f6ljande\u2026<\/p><\/div><\/li><li  style=\"padding: 10px 0 17px\" class=\"rss_item\"><div class=\"rss_image\" style=\"height:100px;width:100px;\"><a href=\"https:\/\/www.mjolbycurling.se\/km-lag-2026\/\" target=\"_blank\" rel=\" noopener\" title=\"KM lag 2026\" style=\"height:100px;width:100px;\"><img decoding=\"async\" src=\"http:\/\/www.mjolbycurling.se\/wp-content\/uploads\/2026\/03\/KM-lag-2026-1024x247.jpg\" title=\"KM lag 2026\" style=\"height:100px;width:100px;\"><\/a><\/div><span class=\"title\"><a href=\"https:\/\/www.mjolbycurling.se\/km-lag-2026\/\" target=\"_blank\" rel=\" noopener\">KM lag 2026<\/a><\/span><div class=\"rss_content\" style=\"\"><small>av <a href=\"\/\/www.mjolbycurling.se\" target=\"_blank\" title=\"www.mjolbycurling.se\">admin<\/a> on 8 mars 2026 at 20:08 <\/small><p>KM lag \u00e4r f\u00e4rdigspelat med 4 deltagande lag. Vinnare Lag Nero och tv\u00e5a Lag Allan.Alla resultat finns h\u00e4r.<\/p><\/div><\/li><\/ul> <\/div><style type=\"text\/css\" media=\"all\">.feedzy-rss .rss_item .rss_image{float:left;position:relative;border:none;text-decoration:none;max-width:100%}.feedzy-rss .rss_item .rss_image span{display:inline-block;position:absolute;width:100%;height:100%;background-position:50%;background-size:cover}.feedzy-rss .rss_item .rss_image{margin:.3em 1em 0 0;content-visibility:auto}.feedzy-rss ul{list-style:none}.feedzy-rss ul li{display:inline-block}<\/style>\n<\/div><\/div><\/div><\/div><div class=\"vc_column tdi_17  wpb_column vc_column_container tdc-column td-pb-span4\">\n<style scoped>\n\/* custom css - generated by TagDiv Composer *\/\n\n\/* custom css - generated by TagDiv Composer *\/\n.tdi_17{\r\n                    vertical-align: baseline;\r\n                }.tdi_17 > .wpb_wrapper,\r\n\t\t\t\t.tdi_17 > .wpb_wrapper > .tdc-elements{\r\n\t\t\t\t    display: block;\r\n\t\t\t\t}.tdi_17 > .wpb_wrapper > .tdc-elements{\r\n\t\t\t\t    width: 100%;\r\n\t\t\t\t}.tdi_17 > .wpb_wrapper > .vc_row_inner{\r\n\t\t\t\t    width: auto;\r\n\t\t\t\t}.tdi_17 > .wpb_wrapper{\r\n\t\t\t\t    width: auto;\r\n\t\t\t\t    height: auto;\r\n\t\t\t\t}\n<\/style><div class=\"wpb_wrapper\" ><\/div><\/div><\/div><\/div><\/div><\/div>","protected":false},"excerpt":{"rendered":"","protected":false},"author":4,"featured_media":0,"parent":0,"menu_order":0,"comment_status":"closed","ping_status":"closed","template":"","meta":{"footnotes":""},"class_list":["post-281810","page","type-page","status-publish"],"amp_enabled":true,"_links":{"self":[{"href":"https:\/\/curling.zone\/sv\/wp-json\/wp\/v2\/pages\/281810","targetHints":{"allow":["GET"]}}],"collection":[{"href":"https:\/\/curling.zone\/sv\/wp-json\/wp\/v2\/pages"}],"about":[{"href":"https:\/\/curling.zone\/sv\/wp-json\/wp\/v2\/types\/page"}],"author":[{"embeddable":true,"href":"https:\/\/curling.zone\/sv\/wp-json\/wp\/v2\/users\/4"}],"replies":[{"embeddable":true,"href":"https:\/\/curling.zone\/sv\/wp-json\/wp\/v2\/comments?post=281810"}],"version-history":[{"count":5,"href":"https:\/\/curling.zone\/sv\/wp-json\/wp\/v2\/pages\/281810\/revisions"}],"predecessor-version":[{"id":281832,"href":"https:\/\/curling.zone\/sv\/wp-json\/wp\/v2\/pages\/281810\/revisions\/281832"}],"wp:attachment":[{"href":"https:\/\/curling.zone\/sv\/wp-json\/wp\/v2\/media?parent=281810"}],"curies":[{"name":"wp","href":"https:\/\/api.w.org\/{rel}","templated":true}]}}